{"id":1239,"date":"2025-06-04T11:36:20","date_gmt":"2025-06-04T09:36:20","guid":{"rendered":"https:\/\/mirabel-ermitage.com\/?page_id=1239"},"modified":"2026-04-02T16:40:26","modified_gmt":"2026-04-02T14:40:26","slug":"our-accommodation","status":"publish","type":"page","link":"https:\/\/mirabel-ermitage.com\/en\/nos-hebergements\/","title":{"rendered":"All our camping accommodation and holiday rentals"},"content":{"rendered":"<div class=\"wp-block-stackable-heading stk-block-heading stk-block-heading--v2 stk-block stk-4338d9a\" id=\"faites-votre-choix\" data-block-id=\"4338d9a\"><h2 class=\"stk-block-heading__text has-text-align-center\">Make your choice<\/h2><\/div>\n\n\n\n<div class=\"wp-block-stackable-columns stk-block-columns stk-block stk-5603d1d\" data-block-id=\"5603d1d\"><style>.stk-5603d1d .stk--block-align-5603d1d{align-items:stretch !important;}<\/style><div class=\"stk-row stk-inner-blocks stk--block-align-5603d1d stk-block-content stk-content-align stk-5603d1d-column\">\n<div class=\"wp-block-stackable-column stk-block-column stk-column stk-block stk-1946a3d encart\" data-v=\"4\" data-block-id=\"1946a3d\"><div class=\"stk-column-wrapper stk-block-column__content stk-container stk-1946a3d-container stk--no-background stk--no-padding\"><div class=\"stk-block-content stk-inner-blocks stk-1946a3d-inner-blocks\">\n<div class=\"wp-block-stackable-image-box stk-block-image-box stk-hover-parent stk-block stk-4729ff2 is-style-default\" data-block-id=\"4729ff2\"><div class=\"stk-block-content stk-inner-blocks has-text-align-center stk-row stk-block-image-box__content\">\n<div class=\"wp-block-stackable-image stk-block-image stk-block stk-d1f30f7\" data-block-id=\"d1f30f7\"><style>.stk-d1f30f7 {overflow:hidden !important;}.stk-d1f30f7 .stk-img-wrapper{width:100% !important;height:474px !important;--stk-gradient-overlay:1 !important;}.stk-d1f30f7 .stk-img-wrapper img{object-position:66% 38% !important;}.stk-d1f30f7 .stk-img-wrapper::after{background-image:linear-gradient(0deg,rgba(0,0,0,0.55) 0%,rgba(0,0,0,0) 40%) !important;}:where(.stk-hover-parent:hover,  .stk-hover-parent.stk--is-hovered) .stk-d1f30f7 .stk-img-wrapper::after{background-image:linear-gradient(135deg,rgb(38,102,116) 0%,rgb(38,102,116) 100%) !important;}:where(.stk-hover-parent:hover,  .stk-hover-parent.stk--is-hovered) .stk-d1f30f7 .stk-img-wrapper{--stk-gradient-overlay:1 !important;}@media screen and (max-width: 767px){.stk-d1f30f7 .stk-img-wrapper{height:300px !important;}}<\/style><figure><span class=\"stk-img-wrapper stk-image--shape-stretch stk-img--gradient-overlay\"><img loading=\"lazy\" decoding=\"async\" class=\"stk-img wp-image-1934\" src=\"https:\/\/mirabel-ermitage.com\/wp-content\/uploads\/2026\/03\/mobilhome-3chambres-haie.jpg\" width=\"800\" height=\"600\" alt=\"Mobile home hire camping Granville\" srcset=\"https:\/\/mirabel-ermitage.com\/wp-content\/uploads\/2026\/03\/mobilhome-3chambres-haie.jpg 800w, https:\/\/mirabel-ermitage.com\/wp-content\/uploads\/2026\/03\/mobilhome-3chambres-haie-300x225.jpg 300w, https:\/\/mirabel-ermitage.com\/wp-content\/uploads\/2026\/03\/mobilhome-3chambres-haie-768x576.jpg 768w, https:\/\/mirabel-ermitage.com\/wp-content\/uploads\/2026\/03\/mobilhome-3chambres-haie-16x12.jpg 16w, https:\/\/mirabel-ermitage.com\/wp-content\/uploads\/2026\/03\/mobilhome-3chambres-haie-500x375.jpg 500w\" sizes=\"auto, (max-width: 800px) 100vw, 800px\" \/><\/span><\/figure><\/div>\n\n\n\n<div class=\"wp-block-stackable-column stk-block-column stk-column stk-block stk-03167a7\" data-v=\"4\" data-block-id=\"03167a7\"><style>.stk-03167a7 {align-self:flex-end !important;align-items:center !important;display:flex !important;}<\/style><div class=\"stk-column-wrapper stk-block-column__content stk-container stk-03167a7-container stk--no-background stk--no-padding\"><div class=\"stk-block-content stk-inner-blocks stk-03167a7-inner-blocks\">\n<div class=\"wp-block-stackable-image stk-block-image stk--hide-mobile stk-block stk-a2baa2f\" data-block-id=\"a2baa2f\"><style>.stk-a2baa2f {opacity:0 !important;transform:translateY(-200px) !important;}:where(.stk-hover-parent:hover,  .stk-hover-parent.stk--is-hovered) .stk-a2baa2f{opacity:1 !important;}.stk-a2baa2f .stk-img-wrapper{width:150px !important;}<\/style><figure><span class=\"stk-img-wrapper stk-image--shape-stretch\"><img alt=\"\" loading=\"lazy\" decoding=\"async\" class=\"stk-img wp-image-100\" src=\"https:\/\/mirabel-ermitage.com\/wp-content\/uploads\/2025\/03\/vague.png\" width=\"151\" height=\"70\"\/><\/span><\/figure><\/div>\n\n\n\n<div class=\"wp-block-stackable-heading stk-block-heading stk-block-heading--v2 stk-block stk-1f14737\" id=\"mobil-homes\" data-block-id=\"1f14737\"><style>.stk-1f14737 {margin-bottom:15px !important;}:where(.stk-hover-parent:hover,  .stk-hover-parent.stk--is-hovered) .stk-1f14737{transform:translateY(-26px) !important;}.stk-1f14737 .stk-block-heading__text{font-size:1.5rem !important;color:#FFFFFF !important;font-weight:bold !important;}@media screen and (max-width: 1023px){.stk-1f14737 .stk-block-heading__text{font-size:1.5rem !important;}}<\/style><h3 class=\"stk-block-heading__text has-text-color\">Mobile homes<\/h3><\/div>\n\n\n\n<div class=\"encart-line\"><\/div>\n<\/div><\/div><\/div>\n<\/div><a class=\"stk-link stk-block-link stk--transparent-overlay\" href=\"https:\/\/mirabel-ermitage.com\/en\/mobile-home-rental-in-granville\/\"><\/a><\/div>\n<\/div><\/div><\/div>\n\n\n\n<div class=\"wp-block-stackable-column stk-block-column stk-column stk-block stk-08c7a7e encart\" data-v=\"4\" data-block-id=\"08c7a7e\"><div class=\"stk-column-wrapper stk-block-column__content stk-container stk-08c7a7e-container stk--no-background stk--no-padding\"><div class=\"stk-block-content stk-inner-blocks stk-08c7a7e-inner-blocks\">\n<div class=\"wp-block-stackable-image-box stk-block-image-box stk-hover-parent stk-block stk-9d28ac8 is-style-default\" data-block-id=\"9d28ac8\"><div class=\"stk-block-content stk-inner-blocks has-text-align-center stk-row stk-block-image-box__content\">\n<div class=\"wp-block-stackable-image stk-block-image stk-block stk-126252e\" data-block-id=\"126252e\"><style>.stk-126252e {overflow:hidden !important;}.stk-126252e .stk-img-wrapper{height:225px !important;--stk-gradient-overlay:1 !important;}.stk-126252e .stk-img-wrapper img{object-position:55.00000000000001% 88% !important;}.stk-126252e .stk-img-wrapper::after{background-image:linear-gradient(0deg,rgba(0,0,0,0.55) 0%,rgba(0,0,0,0) 40%) !important;}:where(.stk-hover-parent:hover,  .stk-hover-parent.stk--is-hovered) .stk-126252e .stk-img-wrapper::after{background-image:linear-gradient(135deg,rgb(38,102,116) 0%,rgb(38,102,116) 100%) !important;}:where(.stk-hover-parent:hover,  .stk-hover-parent.stk--is-hovered) .stk-126252e .stk-img-wrapper{--stk-gradient-overlay:1 !important;}<\/style><figure><span class=\"stk-img-wrapper stk-image--shape-stretch stk-img--gradient-overlay\"><img loading=\"lazy\" decoding=\"async\" class=\"stk-img wp-image-567\" src=\"https:\/\/mirabel-ermitage.com\/wp-content\/uploads\/2025\/04\/location-lodge-kenya-camping_resultat.webp\" width=\"466\" height=\"400\" alt=\"Glamping tents camping Granville, seaside \" srcset=\"https:\/\/mirabel-ermitage.com\/wp-content\/uploads\/2025\/04\/location-lodge-kenya-camping_resultat.webp 466w, https:\/\/mirabel-ermitage.com\/wp-content\/uploads\/2025\/04\/location-lodge-kenya-camping_resultat-300x258.webp 300w, https:\/\/mirabel-ermitage.com\/wp-content\/uploads\/2025\/04\/location-lodge-kenya-camping_resultat-14x12.webp 14w\" sizes=\"auto, (max-width: 466px) 100vw, 466px\" \/><\/span><\/figure><\/div>\n\n\n\n<div class=\"wp-block-stackable-column stk-block-column stk-column stk-block stk-9508cd4\" data-v=\"4\" data-block-id=\"9508cd4\"><style>.stk-9508cd4 {align-items:center !important;display:flex !important;}<\/style><div class=\"stk-column-wrapper stk-block-column__content stk-container stk-9508cd4-container stk--no-background stk--no-padding\"><div class=\"stk-block-content stk-inner-blocks stk-9508cd4-inner-blocks\">\n<div class=\"wp-block-stackable-image stk-block-image stk--hide-mobile stk-block stk-029904f\" data-block-id=\"029904f\"><style>.stk-029904f {opacity:0 !important;transform:translateY(-45px) !important;}:where(.stk-hover-parent:hover,  .stk-hover-parent.stk--is-hovered) .stk-029904f{opacity:1 !important;}.stk-029904f .stk-img-wrapper{width:150px !important;}@media screen and (max-width: 767px){.stk-029904f .stk-img-wrapper{width:20% !important;}}<\/style><figure><span class=\"stk-img-wrapper stk-image--shape-stretch\"><img alt=\"\" loading=\"lazy\" decoding=\"async\" class=\"stk-img wp-image-100\" src=\"https:\/\/mirabel-ermitage.com\/wp-content\/uploads\/2025\/03\/vague.png\" width=\"151\" height=\"70\"\/><\/span><\/figure><\/div>\n\n\n\n<div class=\"wp-block-stackable-heading stk-block-heading stk-block-heading--v2 stk-block stk-3265ba7\" id=\"tentes-lodges\" data-block-id=\"3265ba7\"><style>.stk-3265ba7 {margin-bottom:0px !important;}:where(.stk-hover-parent:hover,  .stk-hover-parent.stk--is-hovered) .stk-3265ba7{transform:translateY(-15px) !important;}.stk-3265ba7 .stk-block-heading__text{font-size:1.5rem !important;color:#FFFFFF !important;font-weight:bold !important;}@media screen and (max-width: 1023px){.stk-3265ba7 .stk-block-heading__text{font-size:1.5rem !important;}}<\/style><h3 class=\"stk-block-heading__text has-text-color\">Tented lodges<\/h3><\/div>\n\n\n\n<div class=\"encart-line\"><\/div>\n<\/div><\/div><\/div>\n<\/div><a class=\"stk-link stk-block-link stk--transparent-overlay\" href=\"https:\/\/mirabel-ermitage.com\/en\/hosting\/lodge-tent\/\"><\/a><\/div>\n\n\n\n<div class=\"wp-block-stackable-image-box stk-block-image-box stk-hover-parent stk-block stk-7ddb329 is-style-default\" data-block-id=\"7ddb329\"><div class=\"stk-block-content stk-inner-blocks has-text-align-center stk-row stk-block-image-box__content\">\n<div class=\"wp-block-stackable-image stk-block-image stk-block stk-8b6ef3b\" data-block-id=\"8b6ef3b\"><style>.stk-8b6ef3b {overflow:hidden !important;}.stk-8b6ef3b .stk-img-wrapper{height:225px !important;--stk-gradient-overlay:1 !important;}.stk-8b6ef3b .stk-img-wrapper img{object-position:50% 79% !important;}.stk-8b6ef3b .stk-img-wrapper::after{background-image:linear-gradient(0deg,rgba(0,0,0,0.55) 0%,rgba(0,0,0,0) 40%) !important;}:where(.stk-hover-parent:hover,  .stk-hover-parent.stk--is-hovered) .stk-8b6ef3b .stk-img-wrapper::after{background-image:linear-gradient(135deg,rgb(38,102,116) 0%,rgb(38,102,116) 100%) !important;}:where(.stk-hover-parent:hover,  .stk-hover-parent.stk--is-hovered) .stk-8b6ef3b .stk-img-wrapper{--stk-gradient-overlay:1 !important;}<\/style><figure><span class=\"stk-img-wrapper stk-image--shape-stretch stk-img--gradient-overlay\"><img loading=\"lazy\" decoding=\"async\" class=\"stk-img wp-image-569\" src=\"https:\/\/mirabel-ermitage.com\/wp-content\/uploads\/2025\/04\/camping-car-tente-camping-granville_resultat.webp\" width=\"533\" height=\"400\" alt=\"Seaside camping spots Granville\" srcset=\"https:\/\/mirabel-ermitage.com\/wp-content\/uploads\/2025\/04\/camping-car-tente-camping-granville_resultat.webp 533w, https:\/\/mirabel-ermitage.com\/wp-content\/uploads\/2025\/04\/camping-car-tente-camping-granville_resultat-300x225.webp 300w, https:\/\/mirabel-ermitage.com\/wp-content\/uploads\/2025\/04\/camping-car-tente-camping-granville_resultat-16x12.webp 16w, https:\/\/mirabel-ermitage.com\/wp-content\/uploads\/2025\/04\/camping-car-tente-camping-granville_resultat-500x375.webp 500w\" sizes=\"auto, (max-width: 533px) 100vw, 533px\" \/><\/span><\/figure><\/div>\n\n\n\n<div class=\"wp-block-stackable-column stk-block-column stk-column stk-block stk-52caea4\" data-v=\"4\" data-block-id=\"52caea4\"><style>.stk-52caea4 {align-self:flex-end !important;align-items:center !important;display:flex !important;}<\/style><div class=\"stk-column-wrapper stk-block-column__content stk-container stk-52caea4-container stk--no-background stk--no-padding\"><div class=\"stk-block-content stk-inner-blocks stk-52caea4-inner-blocks\">\n<div class=\"wp-block-stackable-image stk-block-image stk--hide-mobile stk-block stk-9751181\" data-block-id=\"9751181\"><style>.stk-9751181 {opacity:0 !important;transform:translateY(-45px) !important;}:where(.stk-hover-parent:hover,  .stk-hover-parent.stk--is-hovered) .stk-9751181{opacity:1 !important;}.stk-9751181 .stk-img-wrapper{width:150px !important;}<\/style><figure><span class=\"stk-img-wrapper stk-image--shape-stretch\"><img alt=\"\" loading=\"lazy\" decoding=\"async\" class=\"stk-img wp-image-100\" src=\"https:\/\/mirabel-ermitage.com\/wp-content\/uploads\/2025\/03\/vague.png\" width=\"151\" height=\"70\"\/><\/span><\/figure><\/div>\n\n\n\n<div class=\"wp-block-stackable-heading stk-block-heading stk-block-heading--v2 stk-block stk-9387e53\" id=\"emplacements\" data-block-id=\"9387e53\"><style>.stk-9387e53 {margin-bottom:15px !important;}:where(.stk-hover-parent:hover,  .stk-hover-parent.stk--is-hovered) .stk-9387e53{transform:translateY(-15px) !important;}.stk-9387e53 .stk-block-heading__text{font-size:1.5rem !important;color:#FFFFFF !important;font-weight:bold !important;}@media screen and (max-width: 1023px){.stk-9387e53 .stk-block-heading__text{font-size:1.5rem !important;}}<\/style><h3 class=\"stk-block-heading__text has-text-color\">Pitch<\/h3><\/div>\n\n\n\n<div class=\"encart-line\"><\/div>\n<\/div><\/div><\/div>\n<\/div><a class=\"stk-link stk-block-link stk--transparent-overlay\" href=\"https:\/\/mirabel-ermitage.com\/en\/camping-pitches\/\"><\/a><\/div>\n<\/div><\/div><\/div>\n\n\n\n<div class=\"wp-block-stackable-column stk-block-column stk-column stk-block stk-de39571 encart\" data-v=\"4\" data-block-id=\"de39571\"><div class=\"stk-column-wrapper stk-block-column__content stk-container stk-de39571-container stk--no-background stk--no-padding\"><div class=\"stk-block-content stk-inner-blocks stk-de39571-inner-blocks\">\n<div class=\"wp-block-stackable-image-box stk-block-image-box stk-hover-parent stk-block stk-508ceea is-style-default\" data-block-id=\"508ceea\"><div class=\"stk-block-content stk-inner-blocks has-text-align-center stk-row stk-block-image-box__content\">\n<div class=\"wp-block-stackable-image stk-block-image stk--hide-mobile stk-block stk-9ad372e\" data-block-id=\"9ad372e\"><style>.stk-9ad372e {overflow:hidden !important;}.stk-9ad372e .stk-img-wrapper{width:100% !important;height:474px !important;--stk-gradient-overlay:1 !important;}.stk-9ad372e .stk-img-wrapper::after{background-image:linear-gradient(0deg,rgba(0,0,0,0.55) 0%,rgba(0,0,0,0) 40%) !important;}:where(.stk-hover-parent:hover,  .stk-hover-parent.stk--is-hovered) .stk-9ad372e .stk-img-wrapper::after{background-image:linear-gradient(135deg,rgb(38,102,116) 0%,rgb(38,102,116) 100%) !important;}:where(.stk-hover-parent:hover,  .stk-hover-parent.stk--is-hovered) .stk-9ad372e .stk-img-wrapper{--stk-gradient-overlay:1 !important;}@media screen and (max-width: 767px){.stk-9ad372e .stk-img-wrapper{height:300px !important;}}<\/style><figure><span class=\"stk-img-wrapper stk-image--shape-stretch stk-img--gradient-overlay\"><img loading=\"lazy\" decoding=\"async\" class=\"stk-img wp-image-568\" src=\"https:\/\/mirabel-ermitage.com\/wp-content\/uploads\/2025\/04\/emplacement-camping-donville_resultat.webp\" width=\"533\" height=\"400\" alt=\"Campsite location Granville, Manche, Normandy\" srcset=\"https:\/\/mirabel-ermitage.com\/wp-content\/uploads\/2025\/04\/emplacement-camping-donville_resultat.webp 533w, https:\/\/mirabel-ermitage.com\/wp-content\/uploads\/2025\/04\/emplacement-camping-donville_resultat-300x225.webp 300w, https:\/\/mirabel-ermitage.com\/wp-content\/uploads\/2025\/04\/emplacement-camping-donville_resultat-16x12.webp 16w, https:\/\/mirabel-ermitage.com\/wp-content\/uploads\/2025\/04\/emplacement-camping-donville_resultat-500x375.webp 500w\" sizes=\"auto, (max-width: 533px) 100vw, 533px\" \/><\/span><\/figure><\/div>\n\n\n\n<div class=\"wp-block-stackable-column stk-block-column stk-column stk-block stk-88783be\" data-v=\"4\" data-block-id=\"88783be\"><style>.stk-88783be {align-self:flex-end !important;align-items:center !important;display:flex !important;}<\/style><div class=\"stk-column-wrapper stk-block-column__content stk-container stk-88783be-container stk--no-background stk--no-padding\"><div class=\"stk-block-content stk-inner-blocks stk-88783be-inner-blocks\">\n<div class=\"wp-block-stackable-image stk-block-image stk-block stk-556a1f9\" data-block-id=\"556a1f9\"><style>.stk-556a1f9 {opacity:0 !important;transform:translateY(-200px) !important;}:where(.stk-hover-parent:hover,  .stk-hover-parent.stk--is-hovered) .stk-556a1f9{opacity:1 !important;}.stk-556a1f9 .stk-img-wrapper{width:150px !important;}<\/style><figure><span class=\"stk-img-wrapper stk-image--shape-stretch\"><img alt=\"\" loading=\"lazy\" decoding=\"async\" class=\"stk-img wp-image-100\" src=\"https:\/\/mirabel-ermitage.com\/wp-content\/uploads\/2025\/03\/vague.png\" width=\"151\" height=\"70\"\/><\/span><\/figure><\/div>\n\n\n\n<div class=\"wp-block-stackable-heading stk-block-heading stk-block-heading--v2 stk-block stk-2dc1d3a\" id=\"camping-cars\" data-block-id=\"2dc1d3a\"><style>.stk-2dc1d3a {margin-bottom:15px !important;}:where(.stk-hover-parent:hover,  .stk-hover-parent.stk--is-hovered) .stk-2dc1d3a{transform:translateY(-26px) !important;}.stk-2dc1d3a .stk-block-heading__text{font-size:1.5rem !important;color:#FFFFFF !important;font-weight:bold !important;}@media screen and (max-width: 1023px){.stk-2dc1d3a .stk-block-heading__text{font-size:1.5rem !important;}}<\/style><h3 class=\"stk-block-heading__text has-text-color\">Motor homes<\/h3><\/div>\n\n\n\n<div class=\"encart-line\"><\/div>\n<\/div><\/div><\/div>\n<\/div><a class=\"stk-link stk-block-link stk--transparent-overlay\" href=\"https:\/\/mirabel-ermitage.com\/en\/camping-pitches\/\"><\/a><\/div>\n<\/div><\/div><\/div>\n<\/div><\/div>","protected":false},"excerpt":{"rendered":"<p>Make your choice Mobile homes Tents Lodges Pitches Motor homes<\/p>","protected":false},"author":1,"featured_media":599,"parent":0,"menu_order":0,"comment_status":"closed","ping_status":"closed","template":"","meta":{"_acf_changed":false,"_seopress_robots_primary_cat":"","_seopress_titles_title":"Tous les h\u00e9bergements du camping \u00e0 Donville Les Bains","_seopress_titles_desc":"Louez votre mobil home, tente lodge ou emplacement dans ce camping 3 \u00e9toiles situ\u00e9 \u00e0 Donville les Bains. Camping en bord de mer avec piscine.","_seopress_robots_index":"","_vp_format_video_url":"","_vp_image_focal_point":[],"footnotes":""},"experience":[],"class_list":["post-1239","page","type-page","status-publish","has-post-thumbnail","hentry"],"acf":[],"_links":{"self":[{"href":"https:\/\/mirabel-ermitage.com\/en\/wp-json\/wp\/v2\/pages\/1239","targetHints":{"allow":["GET"]}}],"collection":[{"href":"https:\/\/mirabel-ermitage.com\/en\/wp-json\/wp\/v2\/pages"}],"about":[{"href":"https:\/\/mirabel-ermitage.com\/en\/wp-json\/wp\/v2\/types\/page"}],"author":[{"embeddable":true,"href":"https:\/\/mirabel-ermitage.com\/en\/wp-json\/wp\/v2\/users\/1"}],"replies":[{"embeddable":true,"href":"https:\/\/mirabel-ermitage.com\/en\/wp-json\/wp\/v2\/comments?post=1239"}],"version-history":[{"count":5,"href":"https:\/\/mirabel-ermitage.com\/en\/wp-json\/wp\/v2\/pages\/1239\/revisions"}],"predecessor-version":[{"id":1964,"href":"https:\/\/mirabel-ermitage.com\/en\/wp-json\/wp\/v2\/pages\/1239\/revisions\/1964"}],"wp:featuredmedia":[{"embeddable":true,"href":"https:\/\/mirabel-ermitage.com\/en\/wp-json\/wp\/v2\/media\/599"}],"wp:attachment":[{"href":"https:\/\/mirabel-ermitage.com\/en\/wp-json\/wp\/v2\/media?parent=1239"}],"wp:term":[{"taxonomy":"experience","embeddable":true,"href":"https:\/\/mirabel-ermitage.com\/en\/wp-json\/wp\/v2\/experience?post=1239"}],"curies":[{"name":"wp","href":"https:\/\/api.w.org\/{rel}","templated":true}]}}