{"id":620,"date":"2025-04-25T10:34:17","date_gmt":"2025-04-25T08:34:17","guid":{"rendered":"https:\/\/mirabel-ermitage.com\/?page_id=620"},"modified":"2025-06-04T15:14:39","modified_gmt":"2025-06-04T13:14:39","slug":"gastronomy-normandy","status":"publish","type":"page","link":"https:\/\/mirabel-ermitage.com\/en\/gastronomie-normandie\/","title":{"rendered":"Gastronomy in Normandy"},"content":{"rendered":"<div class=\"wp-block-stackable-image stk-block-image stk-block stk-a1146b2\" data-block-id=\"a1146b2\"><style>.stk-a1146b2 .stk-img-wrapper{width:50px !important;}<\/style><figure><span class=\"stk-img-wrapper stk-image--shape-stretch\"><img alt=\"\" loading=\"lazy\" decoding=\"async\" class=\"stk-img wp-image-507\" src=\"https:\/\/mirabel-ermitage.com\/wp-content\/uploads\/2025\/04\/barre-bleue.png\" width=\"50\" height=\"8\" srcset=\"https:\/\/mirabel-ermitage.com\/wp-content\/uploads\/2025\/04\/barre-bleue.png 50w, https:\/\/mirabel-ermitage.com\/wp-content\/uploads\/2025\/04\/barre-bleue-18x3.png 18w\" sizes=\"auto, (max-width: 50px) 100vw, 50px\" \/><\/span><\/figure><\/div>\n\n\n\n<div class=\"wp-block-stackable-columns stk-block-columns stk-block stk-8a76ee3\" data-block-id=\"8a76ee3\"><style>.stk-8a76ee3 .stk--block-align-8a76ee3{align-items:center !important;}<\/style><div class=\"stk-row stk-inner-blocks stk--block-align-8a76ee3 stk-block-content stk-content-align stk-8a76ee3-column\">\n<div class=\"wp-block-stackable-column stk-block-column stk-column stk-block stk-9a0ce74\" data-v=\"4\" data-block-id=\"9a0ce74\"><div class=\"stk-column-wrapper stk-block-column__content stk-container stk-9a0ce74-container stk--no-background stk--no-padding\"><div class=\"stk-block-content stk-inner-blocks stk-9a0ce74-inner-blocks\">\n<div class=\"wp-block-stackable-image stk-block-image stk-block stk-01eba64 stk-entrance\" data-block-id=\"01eba64\"><style>.stk-01eba64 {--entrance-transform:translateX(-144px) !important;}.stk-01eba64 .stk-img-wrapper{width:100% !important;height:500px !important;}<\/style><figure><span class=\"stk-img-wrapper stk-image--shape-stretch\"><img loading=\"lazy\" decoding=\"async\" class=\"stk-img wp-image-623\" src=\"https:\/\/mirabel-ermitage.com\/wp-content\/uploads\/2025\/04\/img_3434-1152x1536_webformat.webp\" width=\"1152\" height=\"1536\" alt=\"gastronomy in normandy\" srcset=\"https:\/\/mirabel-ermitage.com\/wp-content\/uploads\/2025\/04\/img_3434-1152x1536_webformat.webp 1152w, https:\/\/mirabel-ermitage.com\/wp-content\/uploads\/2025\/04\/img_3434-1152x1536_webformat-225x300.webp 225w, https:\/\/mirabel-ermitage.com\/wp-content\/uploads\/2025\/04\/img_3434-1152x1536_webformat-768x1024.webp 768w, https:\/\/mirabel-ermitage.com\/wp-content\/uploads\/2025\/04\/img_3434-1152x1536_webformat-9x12.webp 9w, https:\/\/mirabel-ermitage.com\/wp-content\/uploads\/2025\/04\/img_3434-1152x1536_webformat-500x667.webp 500w, https:\/\/mirabel-ermitage.com\/wp-content\/uploads\/2025\/04\/img_3434-1152x1536_webformat-800x1067.webp 800w\" sizes=\"auto, (max-width: 1152px) 100vw, 1152px\" \/><\/span><\/figure><\/div>\n<\/div><\/div><\/div>\n\n\n\n<div class=\"wp-block-stackable-column stk-block-column stk-column stk-block stk-5d4e7d2\" data-v=\"4\" data-block-id=\"5d4e7d2\"><div class=\"stk-column-wrapper stk-block-column__content stk-container stk-5d4e7d2-container stk--no-background stk--no-padding\"><div class=\"stk-block-content stk-inner-blocks stk-5d4e7d2-inner-blocks\">\n<div class=\"wp-block-stackable-heading stk-block-heading stk-block-heading--v2 stk-block stk-8a8ff90\" id=\"strong-la-gastronomie-normande-entre-terre-amp-mer-strong\" data-block-id=\"8a8ff90\"><style>.stk-8a8ff90 .stk-block-heading__text{font-size:1.5rem !important;}@media screen and (max-width: 1023px){.stk-8a8ff90 .stk-block-heading__text{font-size:1.5rem !important;}}<\/style><h2 class=\"stk-block-heading__text\"><strong>NORMANDY GASTRONOMY BETWEEN LAND AND SEA<\/strong><\/h2><\/div>\n\n\n\n<div class=\"wp-block-stackable-image stk-block-image has-text-align-left stk-block stk-5202821\" data-block-id=\"5202821\"><style>.stk-5202821 .stk-img-wrapper{width:50px !important;}<\/style><figure><span class=\"stk-img-wrapper stk-image--shape-stretch\"><img alt=\"\" loading=\"lazy\" decoding=\"async\" class=\"stk-img wp-image-507\" src=\"https:\/\/mirabel-ermitage.com\/wp-content\/uploads\/2025\/04\/barre-bleue.png\" width=\"50\" height=\"8\" srcset=\"https:\/\/mirabel-ermitage.com\/wp-content\/uploads\/2025\/04\/barre-bleue.png 50w, https:\/\/mirabel-ermitage.com\/wp-content\/uploads\/2025\/04\/barre-bleue-18x3.png 18w\" sizes=\"auto, (max-width: 50px) 100vw, 50px\" \/><\/span><\/figure><\/div>\n\n\n\n<p data-block-type=\"core\">Normandy is certainly one of France's most famous regions for its gastronomy. What are Normandy's culinary specialities? Where can you sample them?<\/p>\n\n\n\n<p data-block-type=\"core\">While the region is famous for its cheeses, Camembert in particular, its cream and its apples, it also offers many other specialities.<\/p>\n\n\n\n<p data-block-type=\"core\">Granville is France's leading shellfish port. Seafood products, fish and seafood are given pride of place in the various restaurants along the coast.<\/p>\n\n\n\n<p data-block-type=\"core\">The Bulot de la Baie de GRANVILLE is emblematic of the Western COTENTIN, the leading French and European fishing area for this species. In 2019, the Granville whelk will be awarded the Protected Geographical Indication (PGI).<\/p>\n<\/div><\/div><\/div>\n<\/div><\/div>\n\n\n\n<div class=\"wp-block-stackable-columns alignfull stk-block-columns stk-block stk-725cf48 stk-block-background\" data-block-id=\"725cf48\"><style>.stk-725cf48 .stk--block-align-725cf48{align-items:center !important;}<\/style><div class=\"stk-row stk-inner-blocks stk--block-align-725cf48 stk-block-content stk-content-align stk-725cf48-column alignwide\">\n<div class=\"wp-block-stackable-column stk-block-column stk-column stk-block stk-c64f0ea\" data-v=\"4\" data-block-id=\"c64f0ea\"><div class=\"stk-column-wrapper stk-block-column__content stk-container stk-c64f0ea-container stk--no-background stk--no-padding\"><div class=\"stk-block-content stk-inner-blocks stk-c64f0ea-inner-blocks\">\n<div class=\"wp-block-stackable-heading stk-block-heading stk-block-heading--v2 stk-block stk-2b4c03f\" id=\"strong-les-marches-de-granville-amp-donville-les-bains-strong\" data-block-id=\"2b4c03f\"><style>.stk-2b4c03f .stk-block-heading__text{font-size:1.5rem !important;}@media screen and (max-width: 1023px){.stk-2b4c03f .stk-block-heading__text{font-size:1.5rem !important;}}<\/style><h2 class=\"stk-block-heading__text\"><strong>Granville &amp; Donville-les-Bains Markets:<\/strong><\/h2><\/div>\n\n\n\n<div class=\"wp-block-stackable-image stk-block-image has-text-align-left stk-block stk-64d5a48\" data-block-id=\"64d5a48\"><style>.stk-64d5a48 .stk-img-wrapper{width:50px !important;}<\/style><figure><span class=\"stk-img-wrapper stk-image--shape-stretch\"><img alt=\"\" loading=\"lazy\" decoding=\"async\" class=\"stk-img wp-image-507\" src=\"https:\/\/mirabel-ermitage.com\/wp-content\/uploads\/2025\/04\/barre-bleue.png\" width=\"50\" height=\"8\" srcset=\"https:\/\/mirabel-ermitage.com\/wp-content\/uploads\/2025\/04\/barre-bleue.png 50w, https:\/\/mirabel-ermitage.com\/wp-content\/uploads\/2025\/04\/barre-bleue-18x3.png 18w\" sizes=\"auto, (max-width: 50px) 100vw, 50px\" \/><\/span><\/figure><\/div>\n\n\n\n<p data-block-type=\"core\"><strong>GRANVILLE <\/strong>:<\/p>\n\n\n\n<p data-block-type=\"core\">The Saturday morning market runs from 8am to 2pm (7pm for rue St Sauveur) from 1st May to 30th September.<br>For the period from 1 October to 30 April, the market takes place from 08:30 to 14:00 in the Cours Jonville and covered market.<\/p>\n\n\n\n<p data-block-type=\"core\">Tuesdays from 16.30 to 19.00; Organic market, cours Jonville<\/p>\n\n\n\n<p data-block-type=\"core\">For the St Nicolas Wednesday market:<br>The market opens at 08:30 and closes at 14:00.<\/p>\n\n\n\n<p data-block-type=\"core\"><strong><a href=\"https:\/\/mirabel-ermitage.com\/en\/donville-les-bains\/\" data-type=\"page\" data-id=\"962\">DONVILLE-LES-BAINS:<\/a><\/strong><\/p>\n\n\n\n<p data-block-type=\"core\">Sunday morning, Place de la Mairie.<\/p>\n<\/div><\/div><\/div>\n\n\n\n<div class=\"wp-block-stackable-column stk-block-column stk-column stk-block stk-d0855b1\" data-v=\"4\" data-block-id=\"d0855b1\"><div class=\"stk-column-wrapper stk-block-column__content stk-container stk-d0855b1-container stk--no-background stk--no-padding\"><div class=\"stk-block-content stk-inner-blocks stk-d0855b1-inner-blocks\">\n<div class=\"wp-block-stackable-image stk-block-image stk-block stk-c333ed2 stk-entrance\" data-block-id=\"c333ed2\"><style>.stk-c333ed2 {--entrance-transform:translateX(121px) !important;}.stk-c333ed2 .stk-img-wrapper{width:100% !important;height:560px !important;}<\/style><figure><span class=\"stk-img-wrapper stk-image--shape-stretch\"><img loading=\"lazy\" decoding=\"async\" class=\"stk-img wp-image-624\" src=\"https:\/\/mirabel-ermitage.com\/wp-content\/uploads\/2025\/04\/image00012-9-scaled_webformat.webp\" width=\"2354\" height=\"2560\" alt=\"gastronomy in normandy\" srcset=\"https:\/\/mirabel-ermitage.com\/wp-content\/uploads\/2025\/04\/image00012-9-scaled_webformat.webp 2354w, https:\/\/mirabel-ermitage.com\/wp-content\/uploads\/2025\/04\/image00012-9-scaled_webformat-276x300.webp 276w, https:\/\/mirabel-ermitage.com\/wp-content\/uploads\/2025\/04\/image00012-9-scaled_webformat-942x1024.webp 942w, https:\/\/mirabel-ermitage.com\/wp-content\/uploads\/2025\/04\/image00012-9-scaled_webformat-768x835.webp 768w, https:\/\/mirabel-ermitage.com\/wp-content\/uploads\/2025\/04\/image00012-9-scaled_webformat-1412x1536.webp 1412w, https:\/\/mirabel-ermitage.com\/wp-content\/uploads\/2025\/04\/image00012-9-scaled_webformat-1883x2048.webp 1883w, https:\/\/mirabel-ermitage.com\/wp-content\/uploads\/2025\/04\/image00012-9-scaled_webformat-11x12.webp 11w, https:\/\/mirabel-ermitage.com\/wp-content\/uploads\/2025\/04\/image00012-9-scaled_webformat-500x544.webp 500w, https:\/\/mirabel-ermitage.com\/wp-content\/uploads\/2025\/04\/image00012-9-scaled_webformat-800x870.webp 800w, https:\/\/mirabel-ermitage.com\/wp-content\/uploads\/2025\/04\/image00012-9-scaled_webformat-1280x1392.webp 1280w, https:\/\/mirabel-ermitage.com\/wp-content\/uploads\/2025\/04\/image00012-9-scaled_webformat-1920x2088.webp 1920w\" sizes=\"auto, (max-width: 2354px) 100vw, 2354px\" \/><\/span><\/figure><\/div>\n<\/div><\/div><\/div>\n<\/div><\/div>\n\n\n\n<p data-block-type=\"core\"><\/p>","protected":false},"excerpt":{"rendered":"<p>LA GASTRONOMIE NORMANDE ENTRE TERRE &amp; MER La Normandie est certainement l\u2019une des r\u00e9gions de France la plus r\u00e9put\u00e9e pour sa gastronomie. Quelles sont les sp\u00e9cialit\u00e9s culinaires normandes ? O\u00f9 faire des d\u00e9gustations ? Si la r\u00e9gion est connue pour ses fromages, Camembert en t\u00eate, sa cr\u00e8me et ses pommes, elle propose bien d\u2019autres sp\u00e9cialit\u00e9s. [&hellip;]<\/p>\n","protected":false},"author":1,"featured_media":623,"parent":0,"menu_order":0,"comment_status":"closed","ping_status":"closed","template":"","meta":{"_acf_changed":false,"_seopress_robots_primary_cat":"","_seopress_titles_title":"Gastronomie en Normandie - Camping Ermitage&lt;","_seopress_titles_desc":"LA GASTRONOMIE EN NORMANDIE ENTRE TERRE & MER. La Normandie est certainement l\u2019une des r\u00e9gions de France la plus r\u00e9put\u00e9e pour sa gastronomie.","_seopress_robots_index":"","_vp_format_video_url":"","_vp_image_focal_point":[],"footnotes":""},"experience":[7],"class_list":["post-620","page","type-page","status-publish","has-post-thumbnail","hentry","experience-experiences"],"acf":[],"_links":{"self":[{"href":"https:\/\/mirabel-ermitage.com\/en\/wp-json\/wp\/v2\/pages\/620","targetHints":{"allow":["GET"]}}],"collection":[{"href":"https:\/\/mirabel-ermitage.com\/en\/wp-json\/wp\/v2\/pages"}],"about":[{"href":"https:\/\/mirabel-ermitage.com\/en\/wp-json\/wp\/v2\/types\/page"}],"author":[{"embeddable":true,"href":"https:\/\/mirabel-ermitage.com\/en\/wp-json\/wp\/v2\/users\/1"}],"replies":[{"embeddable":true,"href":"https:\/\/mirabel-ermitage.com\/en\/wp-json\/wp\/v2\/comments?post=620"}],"version-history":[{"count":6,"href":"https:\/\/mirabel-ermitage.com\/en\/wp-json\/wp\/v2\/pages\/620\/revisions"}],"predecessor-version":[{"id":1247,"href":"https:\/\/mirabel-ermitage.com\/en\/wp-json\/wp\/v2\/pages\/620\/revisions\/1247"}],"wp:featuredmedia":[{"embeddable":true,"href":"https:\/\/mirabel-ermitage.com\/en\/wp-json\/wp\/v2\/media\/623"}],"wp:attachment":[{"href":"https:\/\/mirabel-ermitage.com\/en\/wp-json\/wp\/v2\/media?parent=620"}],"wp:term":[{"taxonomy":"experience","embeddable":true,"href":"https:\/\/mirabel-ermitage.com\/en\/wp-json\/wp\/v2\/experience?post=620"}],"curies":[{"name":"wp","href":"https:\/\/api.w.org\/{rel}","templated":true}]}}