{"id":490,"date":"2025-04-10T12:01:54","date_gmt":"2025-04-10T10:01:54","guid":{"rendered":"https:\/\/mirabel-ermitage.com\/?page_id=490"},"modified":"2026-04-01T17:38:42","modified_gmt":"2026-04-01T15:38:42","slug":"contact-opnemen-met-camping-ermitage","status":"publish","type":"page","link":"https:\/\/mirabel-ermitage.com\/nl\/contact-camping-ermitage\/","title":{"rendered":"Contact opnemen met de camping Mirabel L'Ermitage***"},"content":{"rendered":"<div class=\"wp-block-stackable-columns alignwide stk-block-columns stk-block stk-1128f65\" data-block-id=\"1128f65\"><style>.stk-1128f65 {align-items:center !important;display:flex !important;}<\/style><div class=\"stk-row stk-inner-blocks stk-block-content stk-content-align stk-1128f65-column alignwide\">\n<div class=\"wp-block-stackable-column stk-block-column stk-column stk-block stk-0ea0dbb\" data-v=\"4\" data-block-id=\"0ea0dbb\"><style>.stk-0ea0dbb {align-self:center !important;}<\/style><div class=\"stk-column-wrapper stk-block-column__content stk-container stk-0ea0dbb-container stk--no-background stk--no-padding\"><div class=\"stk-block-content stk-inner-blocks stk-0ea0dbb-inner-blocks\">\n<div class=\"wp-block-stackable-heading stk-block-heading stk-block-heading--v2 stk-block stk-1746458\" id=\"les-infos-pratiques-du-camping-a-donville-les-bains\" data-block-id=\"1746458\"><style>.stk-1746458 .stk-block-heading__bottom-line{height:4px !important;width:90px !important;background-color:var(--stk-global-color-30464, #266674) !important;margin-top:20px !important;}.stk-1746458 {margin-bottom:20px !important;}.stk-1746458 .stk-block-heading__text{font-size:1.3rem !important;color:var(--stk-global-color-30464, #266674) !important;font-weight:bold !important;}@media screen and (max-width: 1023px){.stk-1746458 .stk-block-heading__text{font-size:1.3rem !important;}}<\/style><h2 class=\"stk-block-heading__text has-text-color\">Praktische informatie over kamperen in Donville-Les-Bains<\/h2><div class=\"stk-block-heading__bottom-line\"><\/div><\/div>\n\n\n\n<div class=\"wp-block-stackable-text stk-block-text stk-block stk-20a4796\" data-block-id=\"20a4796\"><style>.stk-20a4796 .stk-block-text__text{font-size:1rem !important;color:var(--stk-global-color-30464, #266674) !important;line-height:24px !important;font-weight:400 !important;}@media screen and (max-width: 1023px){.stk-20a4796 .stk-block-text__text{font-size:1rem !important;}}<\/style><p class=\"stk-block-text__text has-text-color has-text-align-justify\">De camping is geopend van begin april tot eind oktober.<\/p><\/div>\n\n\n\n<div class=\"wp-block-stackable-text stk-block-text stk-block stk-f3765af\" data-block-id=\"f3765af\"><style>.stk-f3765af .stk-block-text__text{font-size:1rem !important;color:var(--stk-global-color-30464, #266674) !important;line-height:24px !important;font-weight:400 !important;}@media screen and (max-width: 1023px){.stk-f3765af .stk-block-text__text{font-size:1rem !important;}}<\/style><p class=\"stk-block-text__text has-text-color has-text-align-justify\">Openingstijden receptie: 7 dagen per week<\/p><\/div>\n\n\n\n<div class=\"wp-block-stackable-icon-list stk-block-icon-list stk-block stk-83934ff\" data-block-id=\"83934ff\"><svg style=\"display:none\"><defs><g id=\"stk-icon-list__icon-svg-def-83934ff\"><svg xmlns=\"http:\/\/www.w3.org\/2000\/svg\" viewbox=\"0 0 190 190\"><polygon points=\"173.8,28.4 60.4,141.8 15.7,97.2 5.1,107.8 60.4,163 184.4,39 173.8,28.4\"\/><\/svg><\/g><\/defs><\/svg><ul class=\"stk-block-icon-list__ul stk-block-icon-list--column\">\n<li class=\"wp-block-stackable-icon-list-item stk-block-icon-list-item stk-block stk-0ce41ab\" data-block-id=\"0ce41ab\"><div class=\"stk-block-icon-list-item__content\"><span class=\"stk--svg-wrapper\"><div class=\"stk--inner-svg\"><svg aria-hidden=\"true\" width=\"32\" height=\"32\"><use xlink:href=\"#stk-icon-list__icon-svg-def-83934ff\"><\/use><\/svg><\/div><\/span><span class=\"stk-block-icon-list-item__text\">Lage seizoen: maandag, dinsdag, woensdag, zondag: 9u 13u \/ 14u 19u<\/span><\/div><\/li>\n\n\n\n<li class=\"wp-block-stackable-icon-list-item stk-block-icon-list-item stk-block stk-c5bc2f4\" data-block-id=\"c5bc2f4\"><div class=\"stk-block-icon-list-item__content\"><span class=\"stk--svg-wrapper\"><div class=\"stk--inner-svg\"><svg aria-hidden=\"true\" width=\"32\" height=\"32\"><use xlink:href=\"#stk-icon-list__icon-svg-def-83934ff\"><\/use><\/svg><\/div><\/span><span class=\"stk-block-icon-list-item__text\">Lage seizoen: donderdag, vrijdag, zaterdag: 9u \u2013 19u<\/span><\/div><\/li>\n\n\n\n<li class=\"wp-block-stackable-icon-list-item stk-block-icon-list-item stk-block stk-d606397\" data-block-id=\"d606397\"><div class=\"stk-block-icon-list-item__content\"><span class=\"stk--svg-wrapper\"><div class=\"stk--inner-svg\"><svg aria-hidden=\"true\" width=\"32\" height=\"32\"><use xlink:href=\"#stk-icon-list__icon-svg-def-83934ff\"><\/use><\/svg><\/div><\/span><span class=\"stk-block-icon-list-item__text\">Juli - augustus: 9u - 20u<\/span><\/div><\/li>\n<\/ul><\/div>\n<\/div><\/div><\/div>\n\n\n\n<div class=\"wp-block-stackable-column stk-block-column stk-column stk-block stk-9e6e7fb\" data-v=\"4\" data-block-id=\"9e6e7fb\"><style>.stk-9e6e7fb {align-self:center !important;}<\/style><div class=\"stk-column-wrapper stk-block-column__content stk-container stk-9e6e7fb-container stk--no-background stk--no-padding\"><div class=\"stk-block-content stk-inner-blocks stk-9e6e7fb-inner-blocks\">\n<div class=\"wp-block-stackable-columns stk-block-columns stk-block stk-aa86cad\" data-block-id=\"aa86cad\"><style>.stk-aa86cad .stk--block-align-aa86cad{align-items:center !important;}.stk-aa86cad {border-top-left-radius:5px !important;border-top-right-radius:5px !important;border-bottom-right-radius:5px !important;border-bottom-left-radius:5px !important;overflow:hidden !important;border-style:solid !important;border-color:var(--stk-global-color-30464, #266674) !important;border-top-width:1px !important;border-right-width:1px !important;border-bottom-width:1px !important;border-left-width:1px !important;padding-top:25px !important;padding-right:25px !important;padding-bottom:25px !important;padding-left:25px !important;}<\/style><div class=\"stk-row stk-inner-blocks stk--block-align-aa86cad stk-block-content stk-content-align stk-aa86cad-column\">\n<div class=\"wp-block-stackable-column stk-block-column stk-column stk-block stk-e3ff6d0\" data-v=\"4\" data-block-id=\"e3ff6d0\"><div class=\"stk-column-wrapper stk-block-column__content stk-container stk-e3ff6d0-container stk--no-background stk--no-padding\"><div class=\"stk-block-content stk-inner-blocks stk-e3ff6d0-inner-blocks\">\n<div class=\"wp-block-stackable-text stk-block-text stk-block stk-d2b2ce2\" data-block-id=\"d2b2ce2\"><style>.stk-d2b2ce2 .stk-block-text__text{font-size:1rem !important;}@media screen and (max-width: 1023px){.stk-d2b2ce2 .stk-block-text__text{font-size:1rem !important;}}<\/style><p class=\"stk-block-text__text\"><strong>Adres:<br><\/strong>Rue de l'Ermitage <br>50 350 DONVILLE-LES-BAINS<\/p><\/div>\n\n\n\n<div class=\"wp-block-stackable-text stk-block-text stk-block stk-777e43a\" data-block-id=\"777e43a\"><style>.stk-777e43a .stk-block-text__text{font-size:1rem !important;color:var(--stk-global-color-30464, #266674) !important;line-height:24px !important;font-weight:400 !important;}@media screen and (max-width: 1023px){.stk-777e43a .stk-block-text__text{font-size:1rem !important;}}<\/style><p class=\"stk-block-text__text has-text-color has-text-align-justify\"><a href=\"tel:0233500901\">+<strong>33 (0)2 33 50 09 01<\/strong><\/a><\/p><\/div>\n\n\n\n<div class=\"wp-block-stackable-text stk-block-text stk-block stk-4ca68b2\" data-block-id=\"4ca68b2\"><style>.stk-4ca68b2 .stk-block-text__text{font-size:1rem !important;color:var(--stk-global-color-30464, #266674) !important;line-height:24px !important;font-weight:400 !important;}@media screen and (max-width: 1023px){.stk-4ca68b2 .stk-block-text__text{font-size:1rem !important;}}<\/style><p class=\"stk-block-text__text has-text-color has-text-align-justify\"><a href=\"mailto:ermitage@mirabel-campings.com\">ermitage@mirabel-campings.com<\/a><\/p><\/div>\n<\/div><\/div><\/div>\n\n\n\n<div class=\"wp-block-stackable-column stk-block-column stk-column stk-block stk-a8a4478\" data-v=\"4\" data-block-id=\"a8a4478\"><div class=\"stk-column-wrapper stk-block-column__content stk-container stk-a8a4478-container stk--no-background stk--no-padding\"><div class=\"stk-block-content stk-inner-blocks stk-a8a4478-inner-blocks\">\n<div class=\"wp-block-stackable-image stk-block-image stk-block stk-f0a9fd4\" data-block-id=\"f0a9fd4\"><style>.stk-f0a9fd4 .stk-img-wrapper{width:100px !important;}<\/style><figure><span class=\"stk-img-wrapper stk-image--shape-stretch\"><img loading=\"lazy\" decoding=\"async\" class=\"stk-img wp-image-496\" src=\"https:\/\/mirabel-ermitage.com\/wp-content\/uploads\/2025\/04\/Etoile2-1.png\" width=\"320\" height=\"326\" alt=\"etoile camping normandie\" srcset=\"https:\/\/mirabel-ermitage.com\/wp-content\/uploads\/2025\/04\/Etoile2-1.png 320w, https:\/\/mirabel-ermitage.com\/wp-content\/uploads\/2025\/04\/Etoile2-1-294x300.png 294w, https:\/\/mirabel-ermitage.com\/wp-content\/uploads\/2025\/04\/Etoile2-1-12x12.png 12w\" sizes=\"auto, (max-width: 320px) 100vw, 320px\" \/><\/span><\/figure><\/div>\n<\/div><\/div><\/div>\n<\/div><\/div>\n<\/div><\/div><\/div>\n<\/div><\/div>\n\n\n\n<div class=\"wp-block-stackable-columns alignfull stk-block-columns stk-block stk-198db5b stk-block-background\" data-block-id=\"198db5b\"><style>.stk-198db5b {background-color:#e7e7e7 !important;}.stk-198db5b:before{background-color:#e7e7e7 !important;}<\/style><div class=\"stk-row stk-inner-blocks stk-block-content stk-content-align stk-198db5b-column alignwide\">\n<div class=\"wp-block-stackable-column stk-block-column stk-column stk-block stk-237fef3\" data-v=\"4\" data-block-id=\"237fef3\"><div class=\"stk-column-wrapper stk-block-column__content stk-container stk-237fef3-container stk--no-background stk--no-padding\"><div class=\"stk-block-content stk-inner-blocks stk-237fef3-inner-blocks\">\n<script>\n\tvar customOptions = {\n\t\tIdentity:{\n\t\t\tCompanyId: '233',\n\t\t\tEstablishmentIds: '14138',\n\t\t\tLanguage: 'fr',\n\t\t\tPolice: 'Open Sans',\n\t\t\tShowHeader: 'false',\n\t\t\tTextColor: '266674',\n\t\t\tBackgroundColor: 'e7e7e7',\n\t\t\tPoliceColor: '266674',\n\t\t\tButtonColor: 'ff665c',\n\t\t\tHoverColor: '266674'\n\t\t}\n\t};\n\t!function(){var e=new window.CTV.Widget(\"CRM\", \"Informations\", customOptions);\n\tdocument.write(e.Write()),window.CTV.WidgetsCollection.push(e), e.Send()}();\n<\/script>\n<\/div><\/div><\/div>\n<\/div><\/div>","protected":false},"excerpt":{"rendered":"<p>Les infos pratiques du camping \u00e0 Donville-Les-Bains Le camping est ouvert de d\u00e9but avril \u00e0 fin octobre. Horaires d&rsquo;ouverture de la r\u00e9ception : 7j\/7 Adresse :Rue de l&rsquo;Ermitage 50 350 DONVILLE-LES-BAINS +33 (0)2 33 50 09 01 ermitage@mirabel-campings.com<\/p>","protected":false},"author":1,"featured_media":499,"parent":0,"menu_order":0,"comment_status":"closed","ping_status":"closed","template":"","meta":{"_acf_changed":false,"_seopress_robots_primary_cat":"","_seopress_titles_title":"Contactez votre camping \u00e0 Granville","_seopress_titles_desc":"Contactez votre camping \u00e0 Granville. Posez nous vos questions sur notre camping 3 \u00e9toiles \u00e0 Granville.","_seopress_robots_index":"","_vp_format_video_url":"","_vp_image_focal_point":[],"footnotes":""},"experience":[],"class_list":["post-490","page","type-page","status-publish","has-post-thumbnail","hentry"],"acf":[],"_links":{"self":[{"href":"https:\/\/mirabel-ermitage.com\/nl\/wp-json\/wp\/v2\/pages\/490","targetHints":{"allow":["GET"]}}],"collection":[{"href":"https:\/\/mirabel-ermitage.com\/nl\/wp-json\/wp\/v2\/pages"}],"about":[{"href":"https:\/\/mirabel-ermitage.com\/nl\/wp-json\/wp\/v2\/types\/page"}],"author":[{"embeddable":true,"href":"https:\/\/mirabel-ermitage.com\/nl\/wp-json\/wp\/v2\/users\/1"}],"replies":[{"embeddable":true,"href":"https:\/\/mirabel-ermitage.com\/nl\/wp-json\/wp\/v2\/comments?post=490"}],"version-history":[{"count":19,"href":"https:\/\/mirabel-ermitage.com\/nl\/wp-json\/wp\/v2\/pages\/490\/revisions"}],"predecessor-version":[{"id":1953,"href":"https:\/\/mirabel-ermitage.com\/nl\/wp-json\/wp\/v2\/pages\/490\/revisions\/1953"}],"wp:featuredmedia":[{"embeddable":true,"href":"https:\/\/mirabel-ermitage.com\/nl\/wp-json\/wp\/v2\/media\/499"}],"wp:attachment":[{"href":"https:\/\/mirabel-ermitage.com\/nl\/wp-json\/wp\/v2\/media?parent=490"}],"wp:term":[{"taxonomy":"experience","embeddable":true,"href":"https:\/\/mirabel-ermitage.com\/nl\/wp-json\/wp\/v2\/experience?post=490"}],"curies":[{"name":"wp","href":"https:\/\/api.w.org\/{rel}","templated":true}]}}