{"id":501,"date":"2025-04-10T12:13:58","date_gmt":"2025-04-10T10:13:58","guid":{"rendered":"https:\/\/mirabel-ermitage.com\/?page_id=501"},"modified":"2025-06-16T16:39:44","modified_gmt":"2025-06-16T14:39:44","slug":"toegang-camping-donville","status":"publish","type":"page","link":"https:\/\/mirabel-ermitage.com\/nl\/acces-camping-donville\/","title":{"rendered":"Hoe kom ik op camping L'Ermitage?"},"content":{"rendered":"<div class=\"wp-block-stackable-columns alignwide stk-block-columns stk-block stk-e4dcd10\" data-block-id=\"e4dcd10\"><style>.stk-e4dcd10 .stk--block-align-e4dcd10{align-items:center !important;}<\/style><div class=\"stk-row stk-inner-blocks stk--block-align-e4dcd10 stk-block-content stk-content-align stk-e4dcd10-column alignwide\">\n<div class=\"wp-block-stackable-column stk-block-column stk-column stk-block stk-9feacc2\" data-v=\"4\" data-block-id=\"9feacc2\"><style>.stk-9feacc2 {border-top-left-radius:5px !important;border-top-right-radius:5px !important;border-bottom-right-radius:5px !important;border-bottom-left-radius:5px !important;overflow:hidden !important;border-style:solid !important;border-color:var(--stk-global-color-30464, #266674) !important;border-top-width:1px !important;border-right-width:1px !important;border-bottom-width:1px !important;border-left-width:1px !important;}@media screen and (min-width: 768px){.stk-9feacc2 {flex:var(--stk-flex-grow, 1) 1 33.3% !important;}}<\/style><div class=\"stk-column-wrapper stk-block-column__content stk-container stk-9feacc2-container stk--no-background stk--no-padding\"><div class=\"stk-block-content stk-inner-blocks stk-9feacc2-inner-blocks\">\n<div class=\"wp-block-stackable-text stk-block-text stk-block stk-ff62ec3\" data-block-id=\"ff62ec3\"><p class=\"stk-block-text__text has-text-align-center\"><strong>Camping La Pin\u00e8de<\/strong><\/p><\/div>\n\n\n\n<div class=\"wp-block-stackable-text stk-block-text stk-block stk-873f4b2\" data-block-id=\"873f4b2\"><style>.stk-873f4b2 {margin-bottom:0px !important;}<\/style><p class=\"stk-block-text__text has-text-align-center\">***<\/p><\/div>\n\n\n\n<div class=\"wp-block-stackable-text stk-block-text stk-block stk-faa5cb9\" data-block-id=\"faa5cb9\"><p class=\"stk-block-text__text has-text-align-center\">Rue de l'Ermitage <br>50 350 DONVILLE-LES-BAINS<\/p><\/div>\n\n\n\n<div class=\"wp-block-stackable-text stk-block-text stk-block stk-7bae1d8\" data-block-id=\"7bae1d8\"><style>.stk-7bae1d8 {margin-bottom:0px !important;}<\/style><p class=\"stk-block-text__text has-text-align-center\"><strong>Naast de camping<\/strong><\/p><\/div>\n\n\n\n<div class=\"wp-block-stackable-text stk-block-text stk-block stk-d21fb19\" data-block-id=\"d21fb19\"><p class=\"stk-block-text__text has-text-align-center\">Granville - 3 km<br>Station van Avranches - 30 km <\/p><\/div>\n\n\n\n<div class=\"wp-block-stackable-button-group stk-block-button-group stk-block stk-5650598\" data-block-id=\"5650598\"><div class=\"stk-row stk-inner-blocks has-text-align-center stk-block-content stk-button-group\">\n<div class=\"wp-block-stackable-button stk-block-button stk-block stk-ff09610\" data-block-id=\"ff09610\"><style>.stk-ff09610 {border-top-left-radius:50px !important;border-top-right-radius:50px !important;border-bottom-right-radius:50px !important;border-bottom-left-radius:50px !important;overflow:hidden !important;}.stk-ff09610 .stk-button{padding-top:12px !important;padding-right:21px !important;padding-bottom:12px !important;padding-left:21px !important;background:var(--stk-global-color-30464, #266674) !important;}.stk-ff09610 .stk-button__inner-text{font-weight:500 !important;font-family:\"Open Sans\", Sans-serif !important;}<\/style><a class=\"stk-link stk-button stk--hover-effect-darken\" href=\"https:\/\/mirabel-ermitage.com\/nl\/contact-opnemen-met-camping-ermitage\/\"><span class=\"stk-button__inner-text\"><strong>Neem contact op met<\/strong><\/span><\/a><\/div>\n<\/div><\/div>\n<\/div><\/div><\/div>\n\n\n\n<div class=\"wp-block-stackable-column stk-block-column stk-column stk-block stk-b787d8b\" data-v=\"4\" data-block-id=\"b787d8b\"><style>@media screen and (min-width: 768px){.stk-b787d8b {flex:var(--stk-flex-grow, 1) 1 66.7% !important;}}<\/style><div class=\"stk-column-wrapper stk-block-column__content stk-container stk-b787d8b-container stk--no-background stk--no-padding\"><div class=\"stk-block-content stk-inner-blocks stk-b787d8b-inner-blocks\">\n<div class=\"wp-block-stackable-map stk-block-map stk-block stk-c838cd3\" data-block-id=\"c838cd3\"><iframe\n\t\t\t\t\t\ttitle=\"Ingebedde inhoud van het Google Maps Platform.\"\n\t\t\t\t\t\tsrc=\"https:\/\/maps.google.com\/maps?q=campign l'ermitage donville les bains&#038;t=&#038;z=12&#038;ie=UTF8&#038;output=embed\"\n\t\t\t\t\t\tstyle=\"border:0;width:100%;max-width:none;max-height:none;height:100%;\"\n\t\t\t\t\t\taria-hidden=\"false\"\n\t\t\t\t\t\ttabindex=\"0\"\n\t\t\t\t\t\tallowfullscreen\n\t\t\t\t\t\tloading=\"lazy\"\n\t\t\t\t\t\tframeborder=\"0\"\n\t\t\t\t\t><\/iframe><\/div>\n<\/div><\/div><\/div>\n<\/div><\/div>\n\n\n\n<div class=\"wp-block-stackable-image alignwide stk-block-image has-text-align-left stk-block stk-35ac323\" data-block-id=\"35ac323\"><style>.stk-35ac323 .stk-img-wrapper{width:150px !important;}<\/style><figure><span class=\"stk-img-wrapper stk-image--shape-stretch\"><img loading=\"lazy\" decoding=\"async\" class=\"stk-img wp-image-496\" src=\"https:\/\/mirabel-ermitage.com\/wp-content\/uploads\/2025\/04\/Etoile2-1.png\" width=\"320\" height=\"326\" alt=\"etoile camping normandie\" srcset=\"https:\/\/mirabel-ermitage.com\/wp-content\/uploads\/2025\/04\/Etoile2-1.png 320w, https:\/\/mirabel-ermitage.com\/wp-content\/uploads\/2025\/04\/Etoile2-1-294x300.png 294w, https:\/\/mirabel-ermitage.com\/wp-content\/uploads\/2025\/04\/Etoile2-1-12x12.png 12w\" sizes=\"auto, (max-width: 320px) 100vw, 320px\" \/><\/span><\/figure><\/div>","protected":false},"excerpt":{"rendered":"<p>Camping l&rsquo;Ermitage *** Rue de l&rsquo;Ermitage 50 350 DONVILLE-LES-BAINS A c\u00f4t\u00e9 du camping Granville &#8211; 3 kmGare d&rsquo;Avranches &#8211; 30 km Contact<\/p>","protected":false},"author":1,"featured_media":499,"parent":0,"menu_order":0,"comment_status":"closed","ping_status":"closed","template":"","meta":{"_acf_changed":false,"_seopress_robots_primary_cat":"","_seopress_titles_title":"Camping l'Ermitage - Comment venir ?","_seopress_titles_desc":"Comment venir au camping l'Ermitage situ\u00e9 en Normandie ? Camping pr\u00e8s de Granville \u00e0 Donville Les Bains.","_seopress_robots_index":"","_vp_format_video_url":"","_vp_image_focal_point":[],"footnotes":""},"experience":[],"class_list":["post-501","page","type-page","status-publish","has-post-thumbnail","hentry"],"acf":[],"_links":{"self":[{"href":"https:\/\/mirabel-ermitage.com\/nl\/wp-json\/wp\/v2\/pages\/501","targetHints":{"allow":["GET"]}}],"collection":[{"href":"https:\/\/mirabel-ermitage.com\/nl\/wp-json\/wp\/v2\/pages"}],"about":[{"href":"https:\/\/mirabel-ermitage.com\/nl\/wp-json\/wp\/v2\/types\/page"}],"author":[{"embeddable":true,"href":"https:\/\/mirabel-ermitage.com\/nl\/wp-json\/wp\/v2\/users\/1"}],"replies":[{"embeddable":true,"href":"https:\/\/mirabel-ermitage.com\/nl\/wp-json\/wp\/v2\/comments?post=501"}],"version-history":[{"count":9,"href":"https:\/\/mirabel-ermitage.com\/nl\/wp-json\/wp\/v2\/pages\/501\/revisions"}],"predecessor-version":[{"id":1306,"href":"https:\/\/mirabel-ermitage.com\/nl\/wp-json\/wp\/v2\/pages\/501\/revisions\/1306"}],"wp:featuredmedia":[{"embeddable":true,"href":"https:\/\/mirabel-ermitage.com\/nl\/wp-json\/wp\/v2\/media\/499"}],"wp:attachment":[{"href":"https:\/\/mirabel-ermitage.com\/nl\/wp-json\/wp\/v2\/media?parent=501"}],"wp:term":[{"taxonomy":"experience","embeddable":true,"href":"https:\/\/mirabel-ermitage.com\/nl\/wp-json\/wp\/v2\/experience?post=501"}],"curies":[{"name":"wp","href":"https:\/\/api.w.org\/{rel}","templated":true}]}}