{"id":620,"date":"2025-04-25T10:34:17","date_gmt":"2025-04-25T08:34:17","guid":{"rendered":"https:\/\/mirabel-ermitage.com\/?page_id=620"},"modified":"2025-06-04T15:14:39","modified_gmt":"2025-06-04T13:14:39","slug":"gastronomie-normandie","status":"publish","type":"page","link":"https:\/\/mirabel-ermitage.com\/nl\/gastronomie-normandie\/","title":{"rendered":"Gastronomie in Normandi\u00eb"},"content":{"rendered":"<div class=\"wp-block-stackable-image stk-block-image stk-block stk-a1146b2\" data-block-id=\"a1146b2\"><style>.stk-a1146b2 .stk-img-wrapper{width:50px !important;}<\/style><figure><span class=\"stk-img-wrapper stk-image--shape-stretch\"><img alt=\"\" loading=\"lazy\" decoding=\"async\" class=\"stk-img wp-image-507\" src=\"https:\/\/mirabel-ermitage.com\/wp-content\/uploads\/2025\/04\/barre-bleue.png\" width=\"50\" height=\"8\" srcset=\"https:\/\/mirabel-ermitage.com\/wp-content\/uploads\/2025\/04\/barre-bleue.png 50w, https:\/\/mirabel-ermitage.com\/wp-content\/uploads\/2025\/04\/barre-bleue-18x3.png 18w\" sizes=\"auto, (max-width: 50px) 100vw, 50px\" \/><\/span><\/figure><\/div>\n\n\n\n<div class=\"wp-block-stackable-columns stk-block-columns stk-block stk-8a76ee3\" data-block-id=\"8a76ee3\"><style>.stk-8a76ee3 .stk--block-align-8a76ee3{align-items:center !important;}<\/style><div class=\"stk-row stk-inner-blocks stk--block-align-8a76ee3 stk-block-content stk-content-align stk-8a76ee3-column\">\n<div class=\"wp-block-stackable-column stk-block-column stk-column stk-block stk-9a0ce74\" data-v=\"4\" data-block-id=\"9a0ce74\"><div class=\"stk-column-wrapper stk-block-column__content stk-container stk-9a0ce74-container stk--no-background stk--no-padding\"><div class=\"stk-block-content stk-inner-blocks stk-9a0ce74-inner-blocks\">\n<div class=\"wp-block-stackable-image stk-block-image stk-block stk-01eba64 stk-entrance\" data-block-id=\"01eba64\"><style>.stk-01eba64 {--entrance-transform:translateX(-144px) !important;}.stk-01eba64 .stk-img-wrapper{width:100% !important;height:500px !important;}<\/style><figure><span class=\"stk-img-wrapper stk-image--shape-stretch\"><img loading=\"lazy\" decoding=\"async\" class=\"stk-img wp-image-623\" src=\"https:\/\/mirabel-ermitage.com\/wp-content\/uploads\/2025\/04\/img_3434-1152x1536_webformat.webp\" width=\"1152\" height=\"1536\" alt=\"gastronomie in normandi\u00eb\" srcset=\"https:\/\/mirabel-ermitage.com\/wp-content\/uploads\/2025\/04\/img_3434-1152x1536_webformat.webp 1152w, https:\/\/mirabel-ermitage.com\/wp-content\/uploads\/2025\/04\/img_3434-1152x1536_webformat-225x300.webp 225w, https:\/\/mirabel-ermitage.com\/wp-content\/uploads\/2025\/04\/img_3434-1152x1536_webformat-768x1024.webp 768w, https:\/\/mirabel-ermitage.com\/wp-content\/uploads\/2025\/04\/img_3434-1152x1536_webformat-9x12.webp 9w, https:\/\/mirabel-ermitage.com\/wp-content\/uploads\/2025\/04\/img_3434-1152x1536_webformat-500x667.webp 500w, https:\/\/mirabel-ermitage.com\/wp-content\/uploads\/2025\/04\/img_3434-1152x1536_webformat-800x1067.webp 800w\" sizes=\"auto, (max-width: 1152px) 100vw, 1152px\" \/><\/span><\/figure><\/div>\n<\/div><\/div><\/div>\n\n\n\n<div class=\"wp-block-stackable-column stk-block-column stk-column stk-block stk-5d4e7d2\" data-v=\"4\" data-block-id=\"5d4e7d2\"><div class=\"stk-column-wrapper stk-block-column__content stk-container stk-5d4e7d2-container stk--no-background stk--no-padding\"><div class=\"stk-block-content stk-inner-blocks stk-5d4e7d2-inner-blocks\">\n<div class=\"wp-block-stackable-heading stk-block-heading stk-block-heading--v2 stk-block stk-8a8ff90\" id=\"strong-la-gastronomie-normande-entre-terre-amp-mer-strong\" data-block-id=\"8a8ff90\"><style>.stk-8a8ff90 .stk-block-heading__text{font-size:1.5rem !important;}@media screen and (max-width: 1023px){.stk-8a8ff90 .stk-block-heading__text{font-size:1.5rem !important;}}<\/style><h2 class=\"stk-block-heading__text\"><strong>NORMANDISCHE GASTRONOMIE TUSSEN LAND EN ZEE<\/strong><\/h2><\/div>\n\n\n\n<div class=\"wp-block-stackable-image stk-block-image has-text-align-left stk-block stk-5202821\" data-block-id=\"5202821\"><style>.stk-5202821 .stk-img-wrapper{width:50px !important;}<\/style><figure><span class=\"stk-img-wrapper stk-image--shape-stretch\"><img alt=\"\" loading=\"lazy\" decoding=\"async\" class=\"stk-img wp-image-507\" src=\"https:\/\/mirabel-ermitage.com\/wp-content\/uploads\/2025\/04\/barre-bleue.png\" width=\"50\" height=\"8\" srcset=\"https:\/\/mirabel-ermitage.com\/wp-content\/uploads\/2025\/04\/barre-bleue.png 50w, https:\/\/mirabel-ermitage.com\/wp-content\/uploads\/2025\/04\/barre-bleue-18x3.png 18w\" sizes=\"auto, (max-width: 50px) 100vw, 50px\" \/><\/span><\/figure><\/div>\n\n\n\n<p data-block-type=\"core\">Normandi\u00eb is ongetwijfeld een van de beroemdste regio's van Frankrijk vanwege zijn gastronomie. Wat zijn de culinaire specialiteiten van Normandi\u00eb? Waar kun je ze proeven?<\/p>\n\n\n\n<p data-block-type=\"core\">De regio is beroemd om zijn kazen, met name de Camembert, zijn room en zijn appels, maar biedt ook vele andere specialiteiten.<\/p>\n\n\n\n<p data-block-type=\"core\">Granville is de belangrijkste schelpdierhaven van Frankrijk. Zeevruchten, vis en schaaldieren krijgen een ereplaats in de verschillende restaurants langs de kust.<\/p>\n\n\n\n<p data-block-type=\"core\">De Bulot de la Baie de GRANVILLE is emblematisch voor de westelijke COTENTIN, het belangrijkste Franse en Europese visgebied voor deze soort. In 2019 krijgt de wulk van Granville de Beschermde Geografische Aanduiding (BGA).<\/p>\n<\/div><\/div><\/div>\n<\/div><\/div>\n\n\n\n<div class=\"wp-block-stackable-columns alignfull stk-block-columns stk-block stk-725cf48 stk-block-background\" data-block-id=\"725cf48\"><style>.stk-725cf48 .stk--block-align-725cf48{align-items:center !important;}<\/style><div class=\"stk-row stk-inner-blocks stk--block-align-725cf48 stk-block-content stk-content-align stk-725cf48-column alignwide\">\n<div class=\"wp-block-stackable-column stk-block-column stk-column stk-block stk-c64f0ea\" data-v=\"4\" data-block-id=\"c64f0ea\"><div class=\"stk-column-wrapper stk-block-column__content stk-container stk-c64f0ea-container stk--no-background stk--no-padding\"><div class=\"stk-block-content stk-inner-blocks stk-c64f0ea-inner-blocks\">\n<div class=\"wp-block-stackable-heading stk-block-heading stk-block-heading--v2 stk-block stk-2b4c03f\" id=\"strong-les-marches-de-granville-amp-donville-les-bains-strong\" data-block-id=\"2b4c03f\"><style>.stk-2b4c03f .stk-block-heading__text{font-size:1.5rem !important;}@media screen and (max-width: 1023px){.stk-2b4c03f .stk-block-heading__text{font-size:1.5rem !important;}}<\/style><h2 class=\"stk-block-heading__text\"><strong>Granville &amp; Donville-les-Bains Markten:<\/strong><\/h2><\/div>\n\n\n\n<div class=\"wp-block-stackable-image stk-block-image has-text-align-left stk-block stk-64d5a48\" data-block-id=\"64d5a48\"><style>.stk-64d5a48 .stk-img-wrapper{width:50px !important;}<\/style><figure><span class=\"stk-img-wrapper stk-image--shape-stretch\"><img alt=\"\" loading=\"lazy\" decoding=\"async\" class=\"stk-img wp-image-507\" src=\"https:\/\/mirabel-ermitage.com\/wp-content\/uploads\/2025\/04\/barre-bleue.png\" width=\"50\" height=\"8\" srcset=\"https:\/\/mirabel-ermitage.com\/wp-content\/uploads\/2025\/04\/barre-bleue.png 50w, https:\/\/mirabel-ermitage.com\/wp-content\/uploads\/2025\/04\/barre-bleue-18x3.png 18w\" sizes=\"auto, (max-width: 50px) 100vw, 50px\" \/><\/span><\/figure><\/div>\n\n\n\n<p data-block-type=\"core\"><strong>GRANVILLE <\/strong>:<\/p>\n\n\n\n<p data-block-type=\"core\">De zaterdagochtendmarkt loopt van 8.00 tot 14.00 uur (19.00 uur voor Rue St Sauveur) van 1 mei tot 30 september.<br>In de periode van 1 oktober tot 30 april vindt de markt plaats van 08:30 tot 14:00 uur op de Cours Jonville en de overdekte markt.<\/p>\n\n\n\n<p data-block-type=\"core\">Dinsdag van 16.30 tot 19.00 uur; biologische markt, cours Jonville<\/p>\n\n\n\n<p data-block-type=\"core\">Voor de St Nicolas woensdagmarkt:<br>De markt opent om 08:30 en sluit om 14:00.<\/p>\n\n\n\n<p data-block-type=\"core\"><strong><a href=\"https:\/\/mirabel-ermitage.com\/nl\/donville-les-bains\/\" data-type=\"page\" data-id=\"962\">DONVILLE-LES-BAINS:<\/a><\/strong><\/p>\n\n\n\n<p data-block-type=\"core\">Zondagochtend, Place de la Mairie.<\/p>\n<\/div><\/div><\/div>\n\n\n\n<div class=\"wp-block-stackable-column stk-block-column stk-column stk-block stk-d0855b1\" data-v=\"4\" data-block-id=\"d0855b1\"><div class=\"stk-column-wrapper stk-block-column__content stk-container stk-d0855b1-container stk--no-background stk--no-padding\"><div class=\"stk-block-content stk-inner-blocks stk-d0855b1-inner-blocks\">\n<div class=\"wp-block-stackable-image stk-block-image stk-block stk-c333ed2 stk-entrance\" data-block-id=\"c333ed2\"><style>.stk-c333ed2 {--entrance-transform:translateX(121px) !important;}.stk-c333ed2 .stk-img-wrapper{width:100% !important;height:560px !important;}<\/style><figure><span class=\"stk-img-wrapper stk-image--shape-stretch\"><img loading=\"lazy\" decoding=\"async\" class=\"stk-img wp-image-624\" src=\"https:\/\/mirabel-ermitage.com\/wp-content\/uploads\/2025\/04\/image00012-9-scaled_webformat.webp\" width=\"2354\" height=\"2560\" alt=\"gastronomie in normandi\u00eb\" srcset=\"https:\/\/mirabel-ermitage.com\/wp-content\/uploads\/2025\/04\/image00012-9-scaled_webformat.webp 2354w, https:\/\/mirabel-ermitage.com\/wp-content\/uploads\/2025\/04\/image00012-9-scaled_webformat-276x300.webp 276w, https:\/\/mirabel-ermitage.com\/wp-content\/uploads\/2025\/04\/image00012-9-scaled_webformat-942x1024.webp 942w, https:\/\/mirabel-ermitage.com\/wp-content\/uploads\/2025\/04\/image00012-9-scaled_webformat-768x835.webp 768w, https:\/\/mirabel-ermitage.com\/wp-content\/uploads\/2025\/04\/image00012-9-scaled_webformat-1412x1536.webp 1412w, https:\/\/mirabel-ermitage.com\/wp-content\/uploads\/2025\/04\/image00012-9-scaled_webformat-1883x2048.webp 1883w, https:\/\/mirabel-ermitage.com\/wp-content\/uploads\/2025\/04\/image00012-9-scaled_webformat-11x12.webp 11w, https:\/\/mirabel-ermitage.com\/wp-content\/uploads\/2025\/04\/image00012-9-scaled_webformat-500x544.webp 500w, https:\/\/mirabel-ermitage.com\/wp-content\/uploads\/2025\/04\/image00012-9-scaled_webformat-800x870.webp 800w, https:\/\/mirabel-ermitage.com\/wp-content\/uploads\/2025\/04\/image00012-9-scaled_webformat-1280x1392.webp 1280w, https:\/\/mirabel-ermitage.com\/wp-content\/uploads\/2025\/04\/image00012-9-scaled_webformat-1920x2088.webp 1920w\" sizes=\"auto, (max-width: 2354px) 100vw, 2354px\" \/><\/span><\/figure><\/div>\n<\/div><\/div><\/div>\n<\/div><\/div>\n\n\n\n<p data-block-type=\"core\"><\/p>","protected":false},"excerpt":{"rendered":"<p>LA GASTRONOMIE NORMANDE ENTRE TERRE &amp; MER La Normandie est certainement l\u2019une des r\u00e9gions de France la plus r\u00e9put\u00e9e pour sa gastronomie. Quelles sont les sp\u00e9cialit\u00e9s culinaires normandes ? O\u00f9 faire des d\u00e9gustations ? Si la r\u00e9gion est connue pour ses fromages, Camembert en t\u00eate, sa cr\u00e8me et ses pommes, elle propose bien d\u2019autres sp\u00e9cialit\u00e9s. [&hellip;]<\/p>\n","protected":false},"author":1,"featured_media":623,"parent":0,"menu_order":0,"comment_status":"closed","ping_status":"closed","template":"","meta":{"_acf_changed":false,"_seopress_robots_primary_cat":"","_seopress_titles_title":"Gastronomie en Normandie - Camping Ermitage&lt;","_seopress_titles_desc":"LA GASTRONOMIE EN NORMANDIE ENTRE TERRE & MER. La Normandie est certainement l\u2019une des r\u00e9gions de France la plus r\u00e9put\u00e9e pour sa gastronomie.","_seopress_robots_index":"","_vp_format_video_url":"","_vp_image_focal_point":[],"footnotes":""},"experience":[7],"class_list":["post-620","page","type-page","status-publish","has-post-thumbnail","hentry","experience-experiences"],"acf":[],"_links":{"self":[{"href":"https:\/\/mirabel-ermitage.com\/nl\/wp-json\/wp\/v2\/pages\/620","targetHints":{"allow":["GET"]}}],"collection":[{"href":"https:\/\/mirabel-ermitage.com\/nl\/wp-json\/wp\/v2\/pages"}],"about":[{"href":"https:\/\/mirabel-ermitage.com\/nl\/wp-json\/wp\/v2\/types\/page"}],"author":[{"embeddable":true,"href":"https:\/\/mirabel-ermitage.com\/nl\/wp-json\/wp\/v2\/users\/1"}],"replies":[{"embeddable":true,"href":"https:\/\/mirabel-ermitage.com\/nl\/wp-json\/wp\/v2\/comments?post=620"}],"version-history":[{"count":6,"href":"https:\/\/mirabel-ermitage.com\/nl\/wp-json\/wp\/v2\/pages\/620\/revisions"}],"predecessor-version":[{"id":1247,"href":"https:\/\/mirabel-ermitage.com\/nl\/wp-json\/wp\/v2\/pages\/620\/revisions\/1247"}],"wp:featuredmedia":[{"embeddable":true,"href":"https:\/\/mirabel-ermitage.com\/nl\/wp-json\/wp\/v2\/media\/623"}],"wp:attachment":[{"href":"https:\/\/mirabel-ermitage.com\/nl\/wp-json\/wp\/v2\/media?parent=620"}],"wp:term":[{"taxonomy":"experience","embeddable":true,"href":"https:\/\/mirabel-ermitage.com\/nl\/wp-json\/wp\/v2\/experience?post=620"}],"curies":[{"name":"wp","href":"https:\/\/api.w.org\/{rel}","templated":true}]}}