{"id":627,"date":"2025-04-25T10:41:59","date_gmt":"2025-04-25T08:41:59","guid":{"rendered":"https:\/\/mirabel-ermitage.com\/?page_id=627"},"modified":"2025-05-26T09:48:31","modified_gmt":"2025-05-26T07:48:31","slug":"vissen-in-normandie","status":"publish","type":"page","link":"https:\/\/mirabel-ermitage.com\/nl\/la-peche-en-normandie\/","title":{"rendered":"Vissen in Normandi\u00eb"},"content":{"rendered":"<div class=\"wp-block-stackable-image stk-block-image stk-block stk-a1146b2\" data-block-id=\"a1146b2\"><style>.stk-a1146b2 .stk-img-wrapper{width:50px !important;}<\/style><figure><span class=\"stk-img-wrapper stk-image--shape-stretch\"><img alt=\"\" loading=\"lazy\" decoding=\"async\" class=\"stk-img wp-image-507\" src=\"https:\/\/mirabel-ermitage.com\/wp-content\/uploads\/2025\/04\/barre-bleue.png\" width=\"50\" height=\"8\" srcset=\"https:\/\/mirabel-ermitage.com\/wp-content\/uploads\/2025\/04\/barre-bleue.png 50w, https:\/\/mirabel-ermitage.com\/wp-content\/uploads\/2025\/04\/barre-bleue-18x3.png 18w\" sizes=\"auto, (max-width: 50px) 100vw, 50px\" \/><\/span><\/figure><\/div>\n\n\n\n<div class=\"wp-block-stackable-columns stk-block-columns stk-block stk-8a76ee3\" data-block-id=\"8a76ee3\"><style>.stk-8a76ee3 .stk--block-align-8a76ee3{align-items:center !important;}<\/style><div class=\"stk-row stk-inner-blocks stk--block-align-8a76ee3 stk-block-content stk-content-align stk-8a76ee3-column\">\n<div class=\"wp-block-stackable-column stk-block-column stk-column stk-block stk-9a0ce74\" data-v=\"4\" data-block-id=\"9a0ce74\"><div class=\"stk-column-wrapper stk-block-column__content stk-container stk-9a0ce74-container stk--no-background stk--no-padding\"><div class=\"stk-block-content stk-inner-blocks stk-9a0ce74-inner-blocks\">\n<div class=\"wp-block-stackable-image stk-block-image stk-block stk-01eba64 stk-entrance\" data-block-id=\"01eba64\"><style>.stk-01eba64 {--entrance-transform:translateX(-140px) !important;}.stk-01eba64 .stk-img-wrapper{width:100% !important;height:500px !important;}@media screen and (max-width: 767px){.stk-01eba64 .stk-img-wrapper{height:300px !important;}}<\/style><figure><span class=\"stk-img-wrapper stk-image--shape-stretch\"><img loading=\"lazy\" decoding=\"async\" class=\"stk-img wp-image-1053\" src=\"https:\/\/mirabel-ermitage.com\/wp-content\/uploads\/2025\/05\/homards-normands-1024x737_webformat.webp\" width=\"1024\" height=\"737\" alt=\"vissen in normandi\u00eb\" srcset=\"https:\/\/mirabel-ermitage.com\/wp-content\/uploads\/2025\/05\/homards-normands-1024x737_webformat.webp 1024w, https:\/\/mirabel-ermitage.com\/wp-content\/uploads\/2025\/05\/homards-normands-1024x737_webformat-300x216.webp 300w, https:\/\/mirabel-ermitage.com\/wp-content\/uploads\/2025\/05\/homards-normands-1024x737_webformat-768x553.webp 768w, https:\/\/mirabel-ermitage.com\/wp-content\/uploads\/2025\/05\/homards-normands-1024x737_webformat-18x12.webp 18w, https:\/\/mirabel-ermitage.com\/wp-content\/uploads\/2025\/05\/homards-normands-1024x737_webformat-500x360.webp 500w, https:\/\/mirabel-ermitage.com\/wp-content\/uploads\/2025\/05\/homards-normands-1024x737_webformat-800x576.webp 800w\" sizes=\"auto, (max-width: 1024px) 100vw, 1024px\" \/><\/span><\/figure><\/div>\n<\/div><\/div><\/div>\n\n\n\n<div class=\"wp-block-stackable-column stk-block-column stk-column stk-block stk-5d4e7d2\" data-v=\"4\" data-block-id=\"5d4e7d2\"><div class=\"stk-column-wrapper stk-block-column__content stk-container stk-5d4e7d2-container stk--no-background stk--no-padding\"><div class=\"stk-block-content stk-inner-blocks stk-5d4e7d2-inner-blocks\">\n<div class=\"wp-block-stackable-heading stk-block-heading stk-block-heading--v2 stk-block stk-8a8ff90\" id=\"strong-la-gastronomie-la-passion-de-la-peche-sous-toutes-ses-formes-entre-terre-amp-mer-strong\" data-block-id=\"8a8ff90\"><style>.stk-8a8ff90 .stk-block-heading__text{font-size:1.5rem !important;}@media screen and (max-width: 1023px){.stk-8a8ff90 .stk-block-heading__text{font-size:1.5rem !important;}}<\/style><h2 class=\"stk-block-heading__text\"><strong>Gastronomie, passie voor vissen in al zijn vormen, tussen land en zee<\/strong><\/h2><\/div>\n\n\n\n<div class=\"wp-block-stackable-image stk-block-image has-text-align-left stk-block stk-5202821\" data-block-id=\"5202821\"><style>.stk-5202821 .stk-img-wrapper{width:50px !important;}<\/style><figure><span class=\"stk-img-wrapper stk-image--shape-stretch\"><img alt=\"\" loading=\"lazy\" decoding=\"async\" class=\"stk-img wp-image-507\" src=\"https:\/\/mirabel-ermitage.com\/wp-content\/uploads\/2025\/04\/barre-bleue.png\" width=\"50\" height=\"8\" srcset=\"https:\/\/mirabel-ermitage.com\/wp-content\/uploads\/2025\/04\/barre-bleue.png 50w, https:\/\/mirabel-ermitage.com\/wp-content\/uploads\/2025\/04\/barre-bleue-18x3.png 18w\" sizes=\"auto, (max-width: 50px) 100vw, 50px\" \/><\/span><\/figure><\/div>\n\n\n\n<p data-block-type=\"core\">Tijdens enkele van de hoogste getijden in Europa, <strong><a href=\"https:\/\/mirabel-ermitage.com\/nl\/donville-les-bains\/\" data-type=\"page\" data-id=\"962\">Donville-les-Bains<\/a><\/strong> is ook populair om te voet te vissen. In de zomer kun je alle technieken en geheimen ontdekken met een gids uit de baai. Je kunt ook vissen aan zee of op het gemeentelijke meer van DONVILLE-LES-BAINS. Verschillende dienstverleners bieden ook vissen per boot aan. Bij eb zijn er veel mosselbanken te zien. De mosselcultuur is al sinds de jaren 1960 volop aanwezig op het intergetijdengebied ten noorden van l'Ermitage. En natuurlijk kunt u de \"juwelen\" van de streek ontdekken... de <a href=\"https:\/\/mirabel-ermitage.com\/nl\/de-chausey-eilanden\/\" data-type=\"page\" data-id=\"693\">CHAUSEY-eilanden<\/a>waar je te voet kunt gaan vissen. Vertrek van de speedboten naar de CHAUSEY-eilanden, vanaf de pier bij <strong>GRANVILLE<\/strong>.<\/p>\n<\/div><\/div><\/div>\n<\/div><\/div>\n\n\n\n<div class=\"wp-block-stackable-columns alignfull stk-block-columns stk-block stk-725cf48 stk-block-background\" data-block-id=\"725cf48\"><style>.stk-725cf48 .stk--block-align-725cf48{align-items:center !important;}<\/style><div class=\"stk-row stk-inner-blocks stk--block-align-725cf48 stk-block-content stk-content-align stk-725cf48-column alignwide\">\n<div class=\"wp-block-stackable-column stk-block-column stk-column stk-block stk-c64f0ea\" data-v=\"4\" data-block-id=\"c64f0ea\"><div class=\"stk-column-wrapper stk-block-column__content stk-container stk-c64f0ea-container stk--no-background stk--no-padding\"><div class=\"stk-block-content stk-inner-blocks stk-c64f0ea-inner-blocks\">\n<div class=\"wp-block-stackable-heading stk-block-heading stk-block-heading--v2 stk-block stk-2b4c03f\" id=\"strong-toutes-les-informations-pour-pecher-de-maniere-raisonnee-strong\" data-block-id=\"2b4c03f\"><style>.stk-2b4c03f .stk-block-heading__text{font-size:1.5rem !important;}@media screen and (max-width: 1023px){.stk-2b4c03f .stk-block-heading__text{font-size:1.5rem !important;}}<\/style><h2 class=\"stk-block-heading__text\"><strong>Alle informatie die je nodig hebt om verstandig te vissen<\/strong><\/h2><\/div>\n\n\n\n<div class=\"wp-block-stackable-image stk-block-image has-text-align-left stk-block stk-64d5a48\" data-block-id=\"64d5a48\"><style>.stk-64d5a48 .stk-img-wrapper{width:50px !important;}<\/style><figure><span class=\"stk-img-wrapper stk-image--shape-stretch\"><img alt=\"\" loading=\"lazy\" decoding=\"async\" class=\"stk-img wp-image-507\" src=\"https:\/\/mirabel-ermitage.com\/wp-content\/uploads\/2025\/04\/barre-bleue.png\" width=\"50\" height=\"8\" srcset=\"https:\/\/mirabel-ermitage.com\/wp-content\/uploads\/2025\/04\/barre-bleue.png 50w, https:\/\/mirabel-ermitage.com\/wp-content\/uploads\/2025\/04\/barre-bleue-18x3.png 18w\" sizes=\"auto, (max-width: 50px) 100vw, 50px\" \/><\/span><\/figure><\/div>\n\n\n\n<p data-block-type=\"core\">In La Manche zijn de soorten schaal- en weekdieren die je kunt vangen net zo gevarieerd als het landschap! Je kunt er onder andere bouquet, garnalen, krullebaars, kreeft en krab vangen. Er zijn ook talloze schelpdieren te vinden langs onze kusten, zoals alikruiken, zeeamandelen, kokkels, scheermessen, kokkels, oesters, mosselen en wulken. Tijdens periodes van hoogwater is vissen te voet vaak vruchtbaarder, en het landschap verandert altijd!<\/p>\n\n\n\n<p data-block-type=\"core\">PAS OP: TE VOET VISSEN IS STRENG GEREGLEMENTEERD EN KAN GEVAARLIJK ZIJN!<\/p>\n\n\n\n<div class=\"wp-block-stackable-heading stk-block-heading stk-block-heading--v2 stk-block stk-0bd91f7\" id=\"liens-utiles-pour-une-peche-a-pied-reussies\" data-block-id=\"0bd91f7\"><h3 class=\"stk-block-heading__text\">Handige links voor succesvol vissen:<\/h3><\/div>\n\n\n\n<div class=\"wp-block-stackable-text stk-block-text stk-block stk-e2c2ad3\" data-block-id=\"e2c2ad3\"><p class=\"stk-block-text__text\"><a href=\"https:\/\/www.manche.gouv.fr\/Actions-de-l-Etat\/Mer-littoral-et-peches\/Peche-maritime\/Peche-de-loisir\/Reglementation\/Peche-a-pied-a-la-nage-et-sous-marine\" target=\"_blank\" rel=\"noreferrer noopener\">Visregels<\/a><br><a href=\"https:\/\/www.attitude-manche.fr\/bord-de-mer\/peche-a-pied\/\" target=\"_blank\" rel=\"noreferrer noopener\">Vissen te voet in La Manche<\/a><br><a href=\"https:\/\/maree.info\/45\" target=\"_blank\" rel=\"noreferrer noopener\">Getijden<\/a><\/p><\/div>\n<\/div><\/div><\/div>\n\n\n\n<div class=\"wp-block-stackable-column stk-block-column stk-column stk-block stk-d0855b1\" data-v=\"4\" data-block-id=\"d0855b1\"><div class=\"stk-column-wrapper stk-block-column__content stk-container stk-d0855b1-container stk--no-background stk--no-padding\"><div class=\"stk-block-content stk-inner-blocks stk-d0855b1-inner-blocks\">\n<div class=\"wp-block-stackable-image stk-block-image stk-block stk-c333ed2 stk-entrance\" data-block-id=\"c333ed2\"><style>.stk-c333ed2 {--entrance-transform:translateX(124px) !important;}@media screen and (max-width: 767px){.stk-c333ed2 .stk-img-wrapper{height:300px !important;}}<\/style><figure><span class=\"stk-img-wrapper stk-image--shape-stretch\"><img loading=\"lazy\" decoding=\"async\" class=\"stk-img wp-image-1054\" src=\"https:\/\/mirabel-ermitage.com\/wp-content\/uploads\/2025\/05\/screenshot-2023-03-15-at-12-25-28-telecharger-le-depliant-34manche-calvados34.pdf-1024x743_webformat.webp\" width=\"1024\" height=\"743\" alt=\"vissen in normandi\u00eb\" srcset=\"https:\/\/mirabel-ermitage.com\/wp-content\/uploads\/2025\/05\/screenshot-2023-03-15-at-12-25-28-telecharger-le-depliant-34manche-calvados34.pdf-1024x743_webformat.webp 1024w, https:\/\/mirabel-ermitage.com\/wp-content\/uploads\/2025\/05\/screenshot-2023-03-15-at-12-25-28-telecharger-le-depliant-34manche-calvados34.pdf-1024x743_webformat-300x218.webp 300w, https:\/\/mirabel-ermitage.com\/wp-content\/uploads\/2025\/05\/screenshot-2023-03-15-at-12-25-28-telecharger-le-depliant-34manche-calvados34.pdf-1024x743_webformat-768x557.webp 768w, https:\/\/mirabel-ermitage.com\/wp-content\/uploads\/2025\/05\/screenshot-2023-03-15-at-12-25-28-telecharger-le-depliant-34manche-calvados34.pdf-1024x743_webformat-18x12.webp 18w, https:\/\/mirabel-ermitage.com\/wp-content\/uploads\/2025\/05\/screenshot-2023-03-15-at-12-25-28-telecharger-le-depliant-34manche-calvados34.pdf-1024x743_webformat-500x363.webp 500w, https:\/\/mirabel-ermitage.com\/wp-content\/uploads\/2025\/05\/screenshot-2023-03-15-at-12-25-28-telecharger-le-depliant-34manche-calvados34.pdf-1024x743_webformat-800x580.webp 800w\" sizes=\"auto, (max-width: 1024px) 100vw, 1024px\" \/><\/span><\/figure><\/div>\n<\/div><\/div><\/div>\n<\/div><\/div>\n\n\n\n<p data-block-type=\"core\"><\/p>","protected":false},"excerpt":{"rendered":"<p>La gastronomie, la passion de la p\u00eache sous toutes ses formes, entre terre &amp; mer Pendant les grandes mar\u00e9es parmi les plus grandes d\u2019Europe, Donville-les-Bains est aussi appr\u00e9ci\u00e9e pour la p\u00eache \u00e0 pied. En \u00e9t\u00e9, vous pouvez d\u00e9couvrir toutes ses techniques et secrets avec un guide de la baie. Vous pouvez aussi go\u00fbter \u00e0 la [&hellip;]<\/p>\n","protected":false},"author":1,"featured_media":624,"parent":0,"menu_order":0,"comment_status":"closed","ping_status":"closed","template":"","meta":{"_acf_changed":false,"_seopress_robots_primary_cat":"","_seopress_titles_title":"La peche en Normandie - Camping Mirabel L'Ermitage","_seopress_titles_desc":"LA PASSION DE LA PECHE SOUS TOUTES SES FORMES Pendant les grandes mar\u00e9es parmi les plus grandes d\u2019Europe, Donville-les-Bains est aussi appr\u00e9ci\u00e9e pour la p\u00eache \u00e0 pied.","_seopress_robots_index":"","_vp_format_video_url":"","_vp_image_focal_point":[],"footnotes":""},"experience":[7],"class_list":["post-627","page","type-page","status-publish","has-post-thumbnail","hentry","experience-experiences"],"acf":[],"_links":{"self":[{"href":"https:\/\/mirabel-ermitage.com\/nl\/wp-json\/wp\/v2\/pages\/627","targetHints":{"allow":["GET"]}}],"collection":[{"href":"https:\/\/mirabel-ermitage.com\/nl\/wp-json\/wp\/v2\/pages"}],"about":[{"href":"https:\/\/mirabel-ermitage.com\/nl\/wp-json\/wp\/v2\/types\/page"}],"author":[{"embeddable":true,"href":"https:\/\/mirabel-ermitage.com\/nl\/wp-json\/wp\/v2\/users\/1"}],"replies":[{"embeddable":true,"href":"https:\/\/mirabel-ermitage.com\/nl\/wp-json\/wp\/v2\/comments?post=627"}],"version-history":[{"count":8,"href":"https:\/\/mirabel-ermitage.com\/nl\/wp-json\/wp\/v2\/pages\/627\/revisions"}],"predecessor-version":[{"id":1056,"href":"https:\/\/mirabel-ermitage.com\/nl\/wp-json\/wp\/v2\/pages\/627\/revisions\/1056"}],"wp:featuredmedia":[{"embeddable":true,"href":"https:\/\/mirabel-ermitage.com\/nl\/wp-json\/wp\/v2\/media\/624"}],"wp:attachment":[{"href":"https:\/\/mirabel-ermitage.com\/nl\/wp-json\/wp\/v2\/media?parent=627"}],"wp:term":[{"taxonomy":"experience","embeddable":true,"href":"https:\/\/mirabel-ermitage.com\/nl\/wp-json\/wp\/v2\/experience?post=627"}],"curies":[{"name":"wp","href":"https:\/\/api.w.org\/{rel}","templated":true}]}}